{"id":3014,"date":"2024-01-18T15:32:38","date_gmt":"2024-01-18T14:32:38","guid":{"rendered":"https:\/\/majbrit-juel.dk\/?page_id=3014"},"modified":"2024-06-08T08:41:59","modified_gmt":"2024-06-08T07:41:59","slug":"tak-for-din-henvendelse","status":"publish","type":"page","link":"https:\/\/majbrit-juel.dk\/index.php\/tak-for-din-henvendelse\/","title":{"rendered":"Tak for din henvendelse"},"content":{"rendered":"<div class=\"wpb-content-wrapper\"><p>[vc_row full_width=&#8221;stretch_row&#8221;][vc_column]<section  id=\"single-69fea366c2e06\" class=\"header-single vertical-flex m0 image-bg parallax pt240 pb240 pt-xs-80 pb-xs-80\" ><div class=\"background-content \"><img loading=\"lazy\" decoding=\"async\" width=\"2560\" height=\"1707\" src=\"https:\/\/majbrit-juel.dk\/wp-content\/uploads\/2023\/11\/melanie-dijkstra-xDEqKXSZ3ZI-unsplash-scaled.jpg\" class=\"background-image\" alt=\"page-header\" srcset=\"https:\/\/majbrit-juel.dk\/wp-content\/uploads\/2023\/11\/melanie-dijkstra-xDEqKXSZ3ZI-unsplash-scaled.jpg 2560w, https:\/\/majbrit-juel.dk\/wp-content\/uploads\/2023\/11\/melanie-dijkstra-xDEqKXSZ3ZI-unsplash-300x200.jpg 300w, https:\/\/majbrit-juel.dk\/wp-content\/uploads\/2023\/11\/melanie-dijkstra-xDEqKXSZ3ZI-unsplash-1024x683.jpg 1024w, https:\/\/majbrit-juel.dk\/wp-content\/uploads\/2023\/11\/melanie-dijkstra-xDEqKXSZ3ZI-unsplash-768x512.jpg 768w\" sizes=\"auto, (max-width: 2560px) 100vw, 2560px\" \/><div  class=\"background-overlay\"><\/div><\/div><div  class=\"container vertical-flex-column item-content \">\n\t\t\t            <div class=\"row\"><div class=\"standard-slide p0 col-lg-12 col-lg-offset-0 col-md-10 col-md-offset-1 col-sm-12 text-center\"><h1  class=\"heading-title-standard\">Rigtig mange tak for din henvendelse<\/h1><div  class=\"lead \">Jeg kontakter dig snarest<\/div><div  class=\"heading-content\"><\/div><div class=\"mt24 mt-xs-8 \"><a  id=\"btn-69fea366c2e07\"  class=\" m0 btn btn-filled btn-light btn-rounded ti-desktop  btn-sm-sm \"  href= \"https:\/\/majbrit-juel.dk\/\"  >Bes\u00f8g min forside<\/a><\/div>\n                <\/div><\/div><\/div><\/section>[\/vc_column][\/vc_row]<\/p>\n<\/div>","protected":false},"excerpt":{"rendered":"<p>[vc_row full_width=&#8221;stretch_row&#8221;][vc_column][\/vc_column][\/vc_row]<\/p>\n","protected":false},"author":6,"featured_media":0,"parent":0,"menu_order":0,"comment_status":"closed","ping_status":"closed","template":"","meta":{"_themeisle_gutenberg_block_has_review":false,"footnotes":""},"wf_page_folders":[],"class_list":["post-3014","page","type-page","status-publish","hentry"],"yoast_head":"<!-- This site is optimized with the Yoast SEO plugin v27.5 - https:\/\/yoast.com\/product\/yoast-seo-wordpress\/ -->\n<title>Tak for din henvendelse - Majbrit Juel - Hypnose med klinik i Odense<\/title>\n<meta name=\"description\" content=\"Majbrit Juel - Hypnose med klinik i Odense - Professionel Hypnoterapeut og \u00c5ndedr\u00e6tsterapeut - Hypnose og NLP - Angst, Stress, \u00c5ndedr\u00e6t, Modl\u00f8shed, Tankemylder, Selvv\u00e6rd, og selvtillid, S\u00f8vnl\u00f8shed, Forbier, Tandl\u00e6geskr\u00e6k, Flyskr\u00e6k, Regression\" \/>\n<meta name=\"robots\" content=\"index, follow, max-snippet:-1, max-image-preview:large, max-video-preview:-1\" \/>\n<link rel=\"canonical\" href=\"https:\/\/majbrit-juel.dk\/index.php\/tak-for-din-henvendelse\/\" \/>\n<meta property=\"og:locale\" content=\"da_DK\" \/>\n<meta property=\"og:type\" content=\"article\" \/>\n<meta property=\"og:title\" content=\"Tak for din henvendelse - Majbrit Juel - Hypnose med klinik i Odense\" \/>\n<meta property=\"og:description\" content=\"Majbrit Juel - Hypnose med klinik i Odense - Professionel Hypnoterapeut og \u00c5ndedr\u00e6tsterapeut - Hypnose og NLP - Angst, Stress, \u00c5ndedr\u00e6t, Modl\u00f8shed, Tankemylder, Selvv\u00e6rd, og selvtillid, S\u00f8vnl\u00f8shed, Forbier, Tandl\u00e6geskr\u00e6k, Flyskr\u00e6k, Regression\" \/>\n<meta property=\"og:url\" content=\"https:\/\/majbrit-juel.dk\/index.php\/tak-for-din-henvendelse\/\" \/>\n<meta property=\"og:site_name\" content=\"Majbrit Juel - Hypnose med klinik i Odense\" \/>\n<meta property=\"article:publisher\" content=\"https:\/\/www.facebook.com\/MajbritJuel.dk\" \/>\n<meta property=\"article:modified_time\" content=\"2024-06-08T07:41:59+00:00\" \/>\n<meta property=\"og:image\" content=\"https:\/\/majbrit-juel.dk\/wp-content\/uploads\/2021\/08\/tj-holowaychuk-1EYMue_AwDw-unsplash-scaled.jpg\" \/>\n\t<meta property=\"og:image:width\" content=\"2560\" \/>\n\t<meta property=\"og:image:height\" content=\"1709\" \/>\n\t<meta property=\"og:image:type\" content=\"image\/jpeg\" \/>\n<meta name=\"twitter:card\" content=\"summary_large_image\" \/>\n<script type=\"application\/ld+json\" class=\"yoast-schema-graph\">{\"@context\":\"https:\\\/\\\/schema.org\",\"@graph\":[{\"@type\":\"WebPage\",\"@id\":\"https:\\\/\\\/majbrit-juel.dk\\\/index.php\\\/tak-for-din-henvendelse\\\/\",\"url\":\"https:\\\/\\\/majbrit-juel.dk\\\/index.php\\\/tak-for-din-henvendelse\\\/\",\"name\":\"Tak for din henvendelse - Majbrit Juel - Hypnose med klinik i Odense\",\"isPartOf\":{\"@id\":\"https:\\\/\\\/majbrit-juel.dk\\\/#website\"},\"datePublished\":\"2024-01-18T14:32:38+00:00\",\"dateModified\":\"2024-06-08T07:41:59+00:00\",\"description\":\"Majbrit Juel - Hypnose med klinik i Odense - Professionel Hypnoterapeut og \u00c5ndedr\u00e6tsterapeut - Hypnose og NLP - Angst, Stress, \u00c5ndedr\u00e6t, Modl\u00f8shed, Tankemylder, Selvv\u00e6rd, og selvtillid, S\u00f8vnl\u00f8shed, Forbier, Tandl\u00e6geskr\u00e6k, Flyskr\u00e6k, Regression\",\"breadcrumb\":{\"@id\":\"https:\\\/\\\/majbrit-juel.dk\\\/index.php\\\/tak-for-din-henvendelse\\\/#breadcrumb\"},\"inLanguage\":\"da-DK\",\"potentialAction\":[{\"@type\":\"ReadAction\",\"target\":[\"https:\\\/\\\/majbrit-juel.dk\\\/index.php\\\/tak-for-din-henvendelse\\\/\"]}]},{\"@type\":\"BreadcrumbList\",\"@id\":\"https:\\\/\\\/majbrit-juel.dk\\\/index.php\\\/tak-for-din-henvendelse\\\/#breadcrumb\",\"itemListElement\":[{\"@type\":\"ListItem\",\"position\":1,\"name\":\"Hjem\",\"item\":\"https:\\\/\\\/majbrit-juel.dk\\\/\"},{\"@type\":\"ListItem\",\"position\":2,\"name\":\"Tak for din henvendelse\"}]},{\"@type\":\"WebSite\",\"@id\":\"https:\\\/\\\/majbrit-juel.dk\\\/#website\",\"url\":\"https:\\\/\\\/majbrit-juel.dk\\\/\",\"name\":\"Majbrit Juel - Neuro Hypnoterapeut & Master NLP Practitioner - Hypnose i Odense\",\"description\":\"Hypnoterapeut og \u00c5ndedr\u00e6tsterapeut - Hypnose med klinik i Odense\",\"publisher\":{\"@id\":\"https:\\\/\\\/majbrit-juel.dk\\\/#organization\"},\"potentialAction\":[{\"@type\":\"SearchAction\",\"target\":{\"@type\":\"EntryPoint\",\"urlTemplate\":\"https:\\\/\\\/majbrit-juel.dk\\\/?s={search_term_string}\"},\"query-input\":{\"@type\":\"PropertyValueSpecification\",\"valueRequired\":true,\"valueName\":\"search_term_string\"}}],\"inLanguage\":\"da-DK\"},{\"@type\":\"Organization\",\"@id\":\"https:\\\/\\\/majbrit-juel.dk\\\/#organization\",\"name\":\"Majbrit-Juel\",\"url\":\"https:\\\/\\\/majbrit-juel.dk\\\/\",\"logo\":{\"@type\":\"ImageObject\",\"inLanguage\":\"da-DK\",\"@id\":\"https:\\\/\\\/majbrit-juel.dk\\\/#\\\/schema\\\/logo\\\/image\\\/\",\"url\":\"https:\\\/\\\/majbrit-juel.dk\\\/wp-content\\\/uploads\\\/2021\\\/08\\\/mj_just-vignette_logo_til_web.png\",\"contentUrl\":\"https:\\\/\\\/majbrit-juel.dk\\\/wp-content\\\/uploads\\\/2021\\\/08\\\/mj_just-vignette_logo_til_web.png\",\"width\":113,\"height\":84,\"caption\":\"Majbrit-Juel\"},\"image\":{\"@id\":\"https:\\\/\\\/majbrit-juel.dk\\\/#\\\/schema\\\/logo\\\/image\\\/\"},\"sameAs\":[\"https:\\\/\\\/www.facebook.com\\\/MajbritJuel.dk\"]}]}<\/script>\n<!-- \/ Yoast SEO plugin. -->","yoast_head_json":{"title":"Tak for din henvendelse - Majbrit Juel - Hypnose med klinik i Odense","description":"Majbrit Juel - Hypnose med klinik i Odense - Professionel Hypnoterapeut og \u00c5ndedr\u00e6tsterapeut - Hypnose og NLP - Angst, Stress, \u00c5ndedr\u00e6t, Modl\u00f8shed, Tankemylder, Selvv\u00e6rd, og selvtillid, S\u00f8vnl\u00f8shed, Forbier, Tandl\u00e6geskr\u00e6k, Flyskr\u00e6k, Regression","robots":{"index":"index","follow":"follow","max-snippet":"max-snippet:-1","max-image-preview":"max-image-preview:large","max-video-preview":"max-video-preview:-1"},"canonical":"https:\/\/majbrit-juel.dk\/index.php\/tak-for-din-henvendelse\/","og_locale":"da_DK","og_type":"article","og_title":"Tak for din henvendelse - Majbrit Juel - Hypnose med klinik i Odense","og_description":"Majbrit Juel - Hypnose med klinik i Odense - Professionel Hypnoterapeut og \u00c5ndedr\u00e6tsterapeut - Hypnose og NLP - Angst, Stress, \u00c5ndedr\u00e6t, Modl\u00f8shed, Tankemylder, Selvv\u00e6rd, og selvtillid, S\u00f8vnl\u00f8shed, Forbier, Tandl\u00e6geskr\u00e6k, Flyskr\u00e6k, Regression","og_url":"https:\/\/majbrit-juel.dk\/index.php\/tak-for-din-henvendelse\/","og_site_name":"Majbrit Juel - Hypnose med klinik i Odense","article_publisher":"https:\/\/www.facebook.com\/MajbritJuel.dk","article_modified_time":"2024-06-08T07:41:59+00:00","og_image":[{"width":2560,"height":1709,"url":"https:\/\/majbrit-juel.dk\/wp-content\/uploads\/2021\/08\/tj-holowaychuk-1EYMue_AwDw-unsplash-scaled.jpg","type":"image\/jpeg"}],"twitter_card":"summary_large_image","schema":{"@context":"https:\/\/schema.org","@graph":[{"@type":"WebPage","@id":"https:\/\/majbrit-juel.dk\/index.php\/tak-for-din-henvendelse\/","url":"https:\/\/majbrit-juel.dk\/index.php\/tak-for-din-henvendelse\/","name":"Tak for din henvendelse - Majbrit Juel - Hypnose med klinik i Odense","isPartOf":{"@id":"https:\/\/majbrit-juel.dk\/#website"},"datePublished":"2024-01-18T14:32:38+00:00","dateModified":"2024-06-08T07:41:59+00:00","description":"Majbrit Juel - Hypnose med klinik i Odense - Professionel Hypnoterapeut og \u00c5ndedr\u00e6tsterapeut - Hypnose og NLP - Angst, Stress, \u00c5ndedr\u00e6t, Modl\u00f8shed, Tankemylder, Selvv\u00e6rd, og selvtillid, S\u00f8vnl\u00f8shed, Forbier, Tandl\u00e6geskr\u00e6k, Flyskr\u00e6k, Regression","breadcrumb":{"@id":"https:\/\/majbrit-juel.dk\/index.php\/tak-for-din-henvendelse\/#breadcrumb"},"inLanguage":"da-DK","potentialAction":[{"@type":"ReadAction","target":["https:\/\/majbrit-juel.dk\/index.php\/tak-for-din-henvendelse\/"]}]},{"@type":"BreadcrumbList","@id":"https:\/\/majbrit-juel.dk\/index.php\/tak-for-din-henvendelse\/#breadcrumb","itemListElement":[{"@type":"ListItem","position":1,"name":"Hjem","item":"https:\/\/majbrit-juel.dk\/"},{"@type":"ListItem","position":2,"name":"Tak for din henvendelse"}]},{"@type":"WebSite","@id":"https:\/\/majbrit-juel.dk\/#website","url":"https:\/\/majbrit-juel.dk\/","name":"Majbrit Juel - Neuro Hypnoterapeut & Master NLP Practitioner - Hypnose i Odense","description":"Hypnoterapeut og \u00c5ndedr\u00e6tsterapeut - Hypnose med klinik i Odense","publisher":{"@id":"https:\/\/majbrit-juel.dk\/#organization"},"potentialAction":[{"@type":"SearchAction","target":{"@type":"EntryPoint","urlTemplate":"https:\/\/majbrit-juel.dk\/?s={search_term_string}"},"query-input":{"@type":"PropertyValueSpecification","valueRequired":true,"valueName":"search_term_string"}}],"inLanguage":"da-DK"},{"@type":"Organization","@id":"https:\/\/majbrit-juel.dk\/#organization","name":"Majbrit-Juel","url":"https:\/\/majbrit-juel.dk\/","logo":{"@type":"ImageObject","inLanguage":"da-DK","@id":"https:\/\/majbrit-juel.dk\/#\/schema\/logo\/image\/","url":"https:\/\/majbrit-juel.dk\/wp-content\/uploads\/2021\/08\/mj_just-vignette_logo_til_web.png","contentUrl":"https:\/\/majbrit-juel.dk\/wp-content\/uploads\/2021\/08\/mj_just-vignette_logo_til_web.png","width":113,"height":84,"caption":"Majbrit-Juel"},"image":{"@id":"https:\/\/majbrit-juel.dk\/#\/schema\/logo\/image\/"},"sameAs":["https:\/\/www.facebook.com\/MajbritJuel.dk"]}]}},"_links":{"self":[{"href":"https:\/\/majbrit-juel.dk\/index.php\/wp-json\/wp\/v2\/pages\/3014","targetHints":{"allow":["GET"]}}],"collection":[{"href":"https:\/\/majbrit-juel.dk\/index.php\/wp-json\/wp\/v2\/pages"}],"about":[{"href":"https:\/\/majbrit-juel.dk\/index.php\/wp-json\/wp\/v2\/types\/page"}],"author":[{"embeddable":true,"href":"https:\/\/majbrit-juel.dk\/index.php\/wp-json\/wp\/v2\/users\/6"}],"replies":[{"embeddable":true,"href":"https:\/\/majbrit-juel.dk\/index.php\/wp-json\/wp\/v2\/comments?post=3014"}],"version-history":[{"count":11,"href":"https:\/\/majbrit-juel.dk\/index.php\/wp-json\/wp\/v2\/pages\/3014\/revisions"}],"predecessor-version":[{"id":3024,"href":"https:\/\/majbrit-juel.dk\/index.php\/wp-json\/wp\/v2\/pages\/3014\/revisions\/3024"}],"wp:attachment":[{"href":"https:\/\/majbrit-juel.dk\/index.php\/wp-json\/wp\/v2\/media?parent=3014"}],"wp:term":[{"taxonomy":"wf_page_folders","embeddable":true,"href":"https:\/\/majbrit-juel.dk\/index.php\/wp-json\/wp\/v2\/wf_page_folders?post=3014"}],"curies":[{"name":"wp","href":"https:\/\/api.w.org\/{rel}","templated":true}]}}